{"id":17,"date":"2015-03-08T18:59:15","date_gmt":"2015-03-08T18:59:15","guid":{"rendered":"http:\/\/www.amapalu.com.br\/site\/?page_id=17"},"modified":"2019-10-08T11:51:11","modified_gmt":"2019-10-08T11:51:11","slug":"confeitaria-amapalu","status":"publish","type":"page","link":"https:\/\/www.amapalu.com.br\/novo\/confeitaria-amapalu\/","title":{"rendered":"Confeitaria Amapalu"},"content":{"rendered":"[vc_row][vc_column offset=&#8221;vc_hidden-sm vc_hidden-xs&#8221;]<hr class=\"vertical-space5\"><hr class=\"vertical-space3\">[\/vc_column][\/vc_row][vc_row row_type=&#8221;1&#8243; blox_class=&#8221;bgheader&#8221;][vc_column]<hr class=\"vertical-space1\">[vc_column_text]\n<h1 style=\"text-align: center;\">Sobre a <span style=\"color: #fed13c;\"><strong>Confeitaria Amapalu<\/strong><\/span><\/h1>\n[\/vc_column_text][\/vc_column][\/vc_row][vc_row][vc_column width=&#8221;1\/2&#8243;]<hr class=\"vertical-space1\">[vc_column_text]\n<h1>Nossa\u00a0<span style=\"color: #fed13c;\"><strong>Hist\u00f3ria<\/strong><\/span><\/h1>\n<p style=\"text-align: justify;\">Cinco anos de trabalho intenso no ramo aliment\u00edcio de Joinville fazem da Confeitaria Amapalu refer\u00eancia na produ\u00e7\u00e3o de doces, tortas e salgados com elabora\u00e7\u00e3o de receitu\u00e1rios pr\u00f3prios e de extrema qualidade.<\/p>\n<p style=\"text-align: justify;\">Sua hist\u00f3ria come\u00e7ou h\u00e1 20 anos atr\u00e1s, quando membros da fam\u00edlia Rechia come\u00e7aram a trabalhar nas melhores confeitarias de Joinville e Regi\u00e3o, conquistando uma vasta experi\u00eancia na atividade.<\/p>\n<p style=\"text-align: justify;\">Com os anos, a fam\u00edlia alimentava o sonho de abrir seu pr\u00f3prio neg\u00f3cio, e em 13 de mar\u00e7oo de 2012, ele tornou-se realidade.<\/p>\n<p style=\"text-align: justify;\">Estabelecida em pr\u00e9dio pr\u00f3prio, na rua Agulhas Negras no bairro Jarivatuba, a Confeitaria Amapalu \u00e9 conhecida pela excelente qualidade, hoje com mais de 300 produtos, ela disp\u00f5e tamb\u00e9m de servi\u00e7os de tele-entrega em toda a regi\u00e3o de Joinville.<\/p>\n<p style=\"text-align: justify;\">Nossos alicercer giram em torno do amor pelo trabalho, confian\u00e7a, responsabilidade social e ambiental, respeito aos colaboradores e principalmente a satisfa\u00e7\u00e3o dos clientes.<\/p>\n<h3 style=\"text-align: center;\"><strong>Isso tudo, faz da nossa empresa uma confeitaria diferenciada e que est\u00e1 em constante desenvolvimento e aprimoramento.<\/strong><\/h3>\n[\/vc_column_text][\/vc_column][vc_column width=&#8221;1\/2&#8243;]<hr class=\"vertical-space1\">[vc_gallery type=&#8221;nivo&#8221; interval=&#8221;3&#8243; images=&#8221;1193,1194,1195,1196&#8243; img_size=&#8221;full&#8221;]<hr class=\"vertical-space1\">[vc_video link=&#8221;https:\/\/www.youtube.com\/watch?v=jR39VdDP4yQ&#8221; align=&#8221;center&#8221;][\/vc_column][\/vc_row]\n","protected":false},"excerpt":{"rendered":"<p>[vc_row][vc_column offset=&#8221;vc_hidden-sm vc_hidden-xs&#8221;][\/vc_column][\/vc_row][vc_row row_type=&#8221;1&#8243; blox_class=&#8221;bgheader&#8221;][vc_column][vc_column_text] Sobre a Confeitaria Amapalu [\/vc_column_text][\/vc_column][\/vc_row][vc_row][vc_column width=&#8221;1\/2&#8243;][vc_column_text] Nossa\u00a0Hist\u00f3ria Cinco anos de trabalho intenso no ramo aliment\u00edcio de Joinville fazem da Confeitaria Amapalu refer\u00eancia na produ\u00e7\u00e3o de doces, tortas e salgados com elabora\u00e7\u00e3o de receitu\u00e1rios pr\u00f3prios e de extrema qualidade. Sua hist\u00f3ria come\u00e7ou h\u00e1 20 anos atr\u00e1s, quando membros da fam\u00edlia Rechia come\u00e7aram a trabalhar nas melhores confeitarias de Joinville e Regi\u00e3o, conquistando uma vasta experi\u00eancia na atividade. Com os anos, a fam\u00edlia alimentava o sonho de abrir seu pr\u00f3prio neg\u00f3cio, e em 13 de mar\u00e7oo de 2012, ele tornou-se realidade. Estabelecida em pr\u00e9dio pr\u00f3prio, na rua Agulhas Negras no bairro Jarivatuba, a Confeitaria Amapalu \u00e9 conhecida pela excelente qualidade, hoje com mais de 300 produtos, ela disp\u00f5e tamb\u00e9m de servi\u00e7os de tele-entrega em toda a regi\u00e3o de Joinville. Nossos alicercer giram em torno do amor pelo trabalho, confian\u00e7a, responsabilidade social e ambiental, respeito aos colaboradores e principalmente a satisfa\u00e7\u00e3o dos clientes. Isso tudo, faz da nossa empresa uma confeitaria diferenciada e que est\u00e1 em constante desenvolvimento e aprimoramento. [\/vc_column_text][\/vc_column][vc_column width=&#8221;1\/2&#8243;][vc_gallery type=&#8221;nivo&#8221; interval=&#8221;3&#8243; images=&#8221;1193,1194,1195,1196&#8243; img_size=&#8221;full&#8221;][vc_video link=&#8221;https:\/\/www.youtube.com\/watch?v=jR39VdDP4yQ&#8221; align=&#8221;center&#8221;][\/vc_column][\/vc_row]<\/p>\n","protected":false},"author":1,"featured_media":0,"parent":0,"menu_order":0,"comment_status":"closed","ping_status":"closed","template":"","meta":{"footnotes":""},"class_list":["post-17","page","type-page","status-publish","hentry"],"_links":{"self":[{"href":"https:\/\/www.amapalu.com.br\/novo\/wp-json\/wp\/v2\/pages\/17","targetHints":{"allow":["GET"]}}],"collection":[{"href":"https:\/\/www.amapalu.com.br\/novo\/wp-json\/wp\/v2\/pages"}],"about":[{"href":"https:\/\/www.amapalu.com.br\/novo\/wp-json\/wp\/v2\/types\/page"}],"author":[{"embeddable":true,"href":"https:\/\/www.amapalu.com.br\/novo\/wp-json\/wp\/v2\/users\/1"}],"replies":[{"embeddable":true,"href":"https:\/\/www.amapalu.com.br\/novo\/wp-json\/wp\/v2\/comments?post=17"}],"version-history":[{"count":26,"href":"https:\/\/www.amapalu.com.br\/novo\/wp-json\/wp\/v2\/pages\/17\/revisions"}],"predecessor-version":[{"id":1198,"href":"https:\/\/www.amapalu.com.br\/novo\/wp-json\/wp\/v2\/pages\/17\/revisions\/1198"}],"wp:attachment":[{"href":"https:\/\/www.amapalu.com.br\/novo\/wp-json\/wp\/v2\/media?parent=17"}],"curies":[{"name":"wp","href":"https:\/\/api.w.org\/{rel}","templated":true}]}}